{"id":9068,"date":"2021-12-29T16:20:48","date_gmt":"2021-12-29T16:20:48","guid":{"rendered":"https:\/\/frauenarzt-rahlstedt.de\/kontakt-gynaekologen-i-hamborg-praenatal-diagnostik-hamborg-eksperter-i-rahlstedt\/"},"modified":"2024-01-26T18:52:06","modified_gmt":"2024-01-26T18:52:06","slug":"kontakt-gynaekologen-i-hamborg-praenatal-diagnostik-hamborg-eksperter-i-rahlstedt","status":"publish","type":"page","link":"https:\/\/frauenarzt-rahlstedt.de\/da\/praksis-for-praenatal-diagnostik-hamborg-gynaekolog-hamborg-praksis-for-gynaekologi-praenatal-medicin-degum-ii-expert-top\/kontakt-gynaekologen-i-hamborg-praenatal-diagnostik-hamborg-eksperter-i-rahlstedt\/","title":{"rendered":"Kontakt en gyn\u00e6kolog i Hamborg | Leder du efter en gyn\u00e6kolog i n\u00e6rheden? | Eksperter i Rahlstedt"},"content":{"rendered":"","protected":false},"excerpt":{"rendered":"","protected":false},"author":1,"featured_media":0,"parent":9051,"menu_order":0,"comment_status":"closed","ping_status":"closed","template":"","meta":{"footnotes":""},"class_list":["post-9068","page","type-page","status-publish","hentry"],"_links":{"self":[{"href":"https:\/\/frauenarzt-rahlstedt.de\/da\/wp-json\/wp\/v2\/pages\/9068","targetHints":{"allow":["GET"]}}],"collection":[{"href":"https:\/\/frauenarzt-rahlstedt.de\/da\/wp-json\/wp\/v2\/pages"}],"about":[{"href":"https:\/\/frauenarzt-rahlstedt.de\/da\/wp-json\/wp\/v2\/types\/page"}],"author":[{"embeddable":true,"href":"https:\/\/frauenarzt-rahlstedt.de\/da\/wp-json\/wp\/v2\/users\/1"}],"replies":[{"embeddable":true,"href":"https:\/\/frauenarzt-rahlstedt.de\/da\/wp-json\/wp\/v2\/comments?post=9068"}],"version-history":[{"count":0,"href":"https:\/\/frauenarzt-rahlstedt.de\/da\/wp-json\/wp\/v2\/pages\/9068\/revisions"}],"up":[{"embeddable":true,"href":"https:\/\/frauenarzt-rahlstedt.de\/da\/wp-json\/wp\/v2\/pages\/9051"}],"wp:attachment":[{"href":"https:\/\/frauenarzt-rahlstedt.de\/da\/wp-json\/wp\/v2\/media?parent=9068"}],"curies":[{"name":"wp","href":"https:\/\/api.w.org\/{rel}","templated":true}]}}