{"id":9052,"date":"2021-12-27T16:34:28","date_gmt":"2021-12-27T16:34:28","guid":{"rendered":"https:\/\/frauenarzt-rahlstedt.de\/gynaekolog-hamborg-meget-erfaren-gynaekolog-i-hamborg-urogynaekologi-eksperter\/"},"modified":"2024-01-25T19:21:00","modified_gmt":"2024-01-25T19:21:00","slug":"gynaekolog-hamborg-meget-erfaren-gynaekolog-i-hamborg-urogynaekologi-eksperter","status":"publish","type":"page","link":"https:\/\/frauenarzt-rahlstedt.de\/da\/praksis-for-praenatal-diagnostik-hamborg-gynaekolog-hamborg-praksis-for-gynaekologi-praenatal-medicin-degum-ii-expert-top\/gynaekolog-hamborg-meget-erfaren-gynaekolog-i-hamborg-urogynaekologi-eksperter\/","title":{"rendered":"Gyn\u00e6kolog Hamborg | Meget erfaren gyn\u00e6kolog i Hamborg | Urogyn\u00e6kologi | Eksperter"},"content":{"rendered":"","protected":false},"excerpt":{"rendered":"","protected":false},"author":1,"featured_media":0,"parent":9051,"menu_order":0,"comment_status":"closed","ping_status":"closed","template":"","meta":{"footnotes":""},"class_list":["post-9052","page","type-page","status-publish","hentry"],"_links":{"self":[{"href":"https:\/\/frauenarzt-rahlstedt.de\/da\/wp-json\/wp\/v2\/pages\/9052","targetHints":{"allow":["GET"]}}],"collection":[{"href":"https:\/\/frauenarzt-rahlstedt.de\/da\/wp-json\/wp\/v2\/pages"}],"about":[{"href":"https:\/\/frauenarzt-rahlstedt.de\/da\/wp-json\/wp\/v2\/types\/page"}],"author":[{"embeddable":true,"href":"https:\/\/frauenarzt-rahlstedt.de\/da\/wp-json\/wp\/v2\/users\/1"}],"replies":[{"embeddable":true,"href":"https:\/\/frauenarzt-rahlstedt.de\/da\/wp-json\/wp\/v2\/comments?post=9052"}],"version-history":[{"count":0,"href":"https:\/\/frauenarzt-rahlstedt.de\/da\/wp-json\/wp\/v2\/pages\/9052\/revisions"}],"up":[{"embeddable":true,"href":"https:\/\/frauenarzt-rahlstedt.de\/da\/wp-json\/wp\/v2\/pages\/9051"}],"wp:attachment":[{"href":"https:\/\/frauenarzt-rahlstedt.de\/da\/wp-json\/wp\/v2\/media?parent=9052"}],"curies":[{"name":"wp","href":"https:\/\/api.w.org\/{rel}","templated":true}]}}