{"id":9045,"date":"2021-12-27T10:51:13","date_gmt":"2021-12-27T10:51:13","guid":{"rendered":"https:\/\/frauenarzt-rahlstedt.de\/nyhedsbrev-degum-ii-hamborg-nyheder-fra-gynaekologi-i-hamborg-rahlstedt-ekspert\/"},"modified":"2024-01-25T19:20:56","modified_gmt":"2024-01-25T19:20:56","slug":"nyhedsbrev-degum-ii-hamborg-nyheder-fra-gynaekologi-i-hamborg-rahlstedt-ekspert","status":"publish","type":"page","link":"https:\/\/frauenarzt-rahlstedt.de\/da\/nyhedsbrev-degum-ii-hamborg-nyheder-fra-gynaekologi-i-hamborg-rahlstedt-ekspert\/","title":{"rendered":"Nyhedsbrev | DEGUM II Hamborg | Nyheder fra gyn\u00e6kologi i Hamborg Rahlstedt | Ekspert"},"content":{"rendered":"<p>[newsletter]<\/p>\n\n<p>Vi gl\u00e6der os til at byde dig velkommen i vores praksis for gyn\u00e6kologi og pr\u00e6natal diagnostik i Hamburg Rahlstedt.<\/p>\n\n<p>Hold dig opdateret med vores nyhedsbrev.<\/p>\n","protected":false},"excerpt":{"rendered":"<p>[newsletter] Vi gl\u00e6der os til at byde dig velkommen i vores praksis for gyn\u00e6kologi og pr\u00e6natal diagnostik i Hamburg Rahlstedt. Hold dig opdateret med vores nyhedsbrev.<\/p>\n","protected":false},"author":1,"featured_media":0,"parent":0,"menu_order":0,"comment_status":"closed","ping_status":"closed","template":"","meta":{"footnotes":""},"class_list":["post-9045","page","type-page","status-publish","hentry"],"_links":{"self":[{"href":"https:\/\/frauenarzt-rahlstedt.de\/da\/wp-json\/wp\/v2\/pages\/9045","targetHints":{"allow":["GET"]}}],"collection":[{"href":"https:\/\/frauenarzt-rahlstedt.de\/da\/wp-json\/wp\/v2\/pages"}],"about":[{"href":"https:\/\/frauenarzt-rahlstedt.de\/da\/wp-json\/wp\/v2\/types\/page"}],"author":[{"embeddable":true,"href":"https:\/\/frauenarzt-rahlstedt.de\/da\/wp-json\/wp\/v2\/users\/1"}],"replies":[{"embeddable":true,"href":"https:\/\/frauenarzt-rahlstedt.de\/da\/wp-json\/wp\/v2\/comments?post=9045"}],"version-history":[{"count":0,"href":"https:\/\/frauenarzt-rahlstedt.de\/da\/wp-json\/wp\/v2\/pages\/9045\/revisions"}],"wp:attachment":[{"href":"https:\/\/frauenarzt-rahlstedt.de\/da\/wp-json\/wp\/v2\/media?parent=9045"}],"curies":[{"name":"wp","href":"https:\/\/api.w.org\/{rel}","templated":true}]}}