{"id":11650,"date":"2026-01-22T08:49:23","date_gmt":"2026-01-22T08:49:23","guid":{"rendered":"https:\/\/frauenarzt-rahlstedt.de\/?page_id=11650"},"modified":"2026-01-22T08:49:26","modified_gmt":"2026-01-22T08:49:26","slug":"praenatal-diagnostik-i-hamborg-fin-diagnostik-foerste-trimester-screening-hamborg-foerste-trimester-screening-nipt-hamborg-fostervandsproeve-chorion-villus-proeveudtagning-foetal-ekkokar-2","status":"publish","type":"page","link":"https:\/\/frauenarzt-rahlstedt.de\/da\/praksis-for-praenatal-diagnostik-hamborg-gynaekolog-hamborg-praksis-for-gynaekologi-praenatal-medicin-degum-ii-expert-top\/praenatal-diagnostik-i-hamborg-fin-diagnostik-foerste-trimester-screening-hamborg-foerste-trimester-screening-nipt-hamborg-fostervandsproeve-chorion-villus-proeveudtagning-foetal-ekkokar-2\/","title":{"rendered":"Pr\u00e6natal diagnostik i Hamborg | Fin diagnostik | F\u00f8rste trimester-screening Hamborg | F\u00f8rste trimester-screening | NIPT Hamborg | Fostervandspr\u00f8ve | Chorion villus-pr\u00f8veudtagning | F\u00f8tal ekkokardiografi Hamborg | Meget behagelig atmosf\u00e6re og TOP-eksperter"},"content":{"rendered":"","protected":false},"excerpt":{"rendered":"","protected":false},"author":1,"featured_media":0,"parent":9051,"menu_order":0,"comment_status":"closed","ping_status":"closed","template":"","meta":{"footnotes":""},"class_list":["post-11650","page","type-page","status-publish","hentry"],"_links":{"self":[{"href":"https:\/\/frauenarzt-rahlstedt.de\/da\/wp-json\/wp\/v2\/pages\/11650","targetHints":{"allow":["GET"]}}],"collection":[{"href":"https:\/\/frauenarzt-rahlstedt.de\/da\/wp-json\/wp\/v2\/pages"}],"about":[{"href":"https:\/\/frauenarzt-rahlstedt.de\/da\/wp-json\/wp\/v2\/types\/page"}],"author":[{"embeddable":true,"href":"https:\/\/frauenarzt-rahlstedt.de\/da\/wp-json\/wp\/v2\/users\/1"}],"replies":[{"embeddable":true,"href":"https:\/\/frauenarzt-rahlstedt.de\/da\/wp-json\/wp\/v2\/comments?post=11650"}],"version-history":[{"count":1,"href":"https:\/\/frauenarzt-rahlstedt.de\/da\/wp-json\/wp\/v2\/pages\/11650\/revisions"}],"predecessor-version":[{"id":11660,"href":"https:\/\/frauenarzt-rahlstedt.de\/da\/wp-json\/wp\/v2\/pages\/11650\/revisions\/11660"}],"up":[{"embeddable":true,"href":"https:\/\/frauenarzt-rahlstedt.de\/da\/wp-json\/wp\/v2\/pages\/9051"}],"wp:attachment":[{"href":"https:\/\/frauenarzt-rahlstedt.de\/da\/wp-json\/wp\/v2\/media?parent=11650"}],"curies":[{"name":"wp","href":"https:\/\/api.w.org\/{rel}","templated":true}]}}