{"id":11510,"date":"2025-12-04T14:09:28","date_gmt":"2025-12-04T14:09:28","guid":{"rendered":"https:\/\/frauenarzt-rahlstedt.de\/?page_id=11510"},"modified":"2025-12-04T14:09:35","modified_gmt":"2025-12-04T14:09:35","slug":"mfa-laegeassistent-paa-fuld-tid-soeges-3","status":"publish","type":"page","link":"https:\/\/frauenarzt-rahlstedt.de\/da\/praksis-for-praenatal-diagnostik-hamborg-gynaekolog-hamborg-praksis-for-gynaekologi-praenatal-medicin-degum-ii-expert-top\/mfa-laegeassistent-paa-fuld-tid-soeges-3\/","title":{"rendered":"MFA &#8211; L\u00e6geassistent p\u00e5 fuld tid s\u00f8ges"},"content":{"rendered":"","protected":false},"excerpt":{"rendered":"","protected":false},"author":1,"featured_media":0,"parent":9051,"menu_order":0,"comment_status":"closed","ping_status":"closed","template":"","meta":{"footnotes":""},"class_list":["post-11510","page","type-page","status-publish","hentry"],"_links":{"self":[{"href":"https:\/\/frauenarzt-rahlstedt.de\/da\/wp-json\/wp\/v2\/pages\/11510","targetHints":{"allow":["GET"]}}],"collection":[{"href":"https:\/\/frauenarzt-rahlstedt.de\/da\/wp-json\/wp\/v2\/pages"}],"about":[{"href":"https:\/\/frauenarzt-rahlstedt.de\/da\/wp-json\/wp\/v2\/types\/page"}],"author":[{"embeddable":true,"href":"https:\/\/frauenarzt-rahlstedt.de\/da\/wp-json\/wp\/v2\/users\/1"}],"replies":[{"embeddable":true,"href":"https:\/\/frauenarzt-rahlstedt.de\/da\/wp-json\/wp\/v2\/comments?post=11510"}],"version-history":[{"count":1,"href":"https:\/\/frauenarzt-rahlstedt.de\/da\/wp-json\/wp\/v2\/pages\/11510\/revisions"}],"predecessor-version":[{"id":11521,"href":"https:\/\/frauenarzt-rahlstedt.de\/da\/wp-json\/wp\/v2\/pages\/11510\/revisions\/11521"}],"up":[{"embeddable":true,"href":"https:\/\/frauenarzt-rahlstedt.de\/da\/wp-json\/wp\/v2\/pages\/9051"}],"wp:attachment":[{"href":"https:\/\/frauenarzt-rahlstedt.de\/da\/wp-json\/wp\/v2\/media?parent=11510"}],"curies":[{"name":"wp","href":"https:\/\/api.w.org\/{rel}","templated":true}]}}