{"id":11364,"date":"2025-07-09T07:21:40","date_gmt":"2025-07-09T07:21:40","guid":{"rendered":"https:\/\/frauenarzt-rahlstedt.de\/?page_id=11364"},"modified":"2025-07-09T07:21:44","modified_gmt":"2025-07-09T07:21:44","slug":"praktikanter-til-mfa-soeges-saadan-bliver-du-laegeassistent-2","status":"publish","type":"page","link":"https:\/\/frauenarzt-rahlstedt.de\/da\/praksis-for-praenatal-diagnostik-hamborg-gynaekolog-hamborg-praksis-for-gynaekologi-praenatal-medicin-degum-ii-expert-top\/praktikanter-til-mfa-soeges-saadan-bliver-du-laegeassistent-2\/","title":{"rendered":"Praktikanter til MFA s\u00f8ges | S\u00e5dan bliver du l\u00e6geassistent"},"content":{"rendered":"","protected":false},"excerpt":{"rendered":"","protected":false},"author":1,"featured_media":0,"parent":9051,"menu_order":0,"comment_status":"closed","ping_status":"closed","template":"","meta":{"footnotes":""},"class_list":["post-11364","page","type-page","status-publish","hentry"],"_links":{"self":[{"href":"https:\/\/frauenarzt-rahlstedt.de\/da\/wp-json\/wp\/v2\/pages\/11364","targetHints":{"allow":["GET"]}}],"collection":[{"href":"https:\/\/frauenarzt-rahlstedt.de\/da\/wp-json\/wp\/v2\/pages"}],"about":[{"href":"https:\/\/frauenarzt-rahlstedt.de\/da\/wp-json\/wp\/v2\/types\/page"}],"author":[{"embeddable":true,"href":"https:\/\/frauenarzt-rahlstedt.de\/da\/wp-json\/wp\/v2\/users\/1"}],"replies":[{"embeddable":true,"href":"https:\/\/frauenarzt-rahlstedt.de\/da\/wp-json\/wp\/v2\/comments?post=11364"}],"version-history":[{"count":1,"href":"https:\/\/frauenarzt-rahlstedt.de\/da\/wp-json\/wp\/v2\/pages\/11364\/revisions"}],"predecessor-version":[{"id":11375,"href":"https:\/\/frauenarzt-rahlstedt.de\/da\/wp-json\/wp\/v2\/pages\/11364\/revisions\/11375"}],"up":[{"embeddable":true,"href":"https:\/\/frauenarzt-rahlstedt.de\/da\/wp-json\/wp\/v2\/pages\/9051"}],"wp:attachment":[{"href":"https:\/\/frauenarzt-rahlstedt.de\/da\/wp-json\/wp\/v2\/media?parent=11364"}],"curies":[{"name":"wp","href":"https:\/\/api.w.org\/{rel}","templated":true}]}}